{"id":17,"date":"2018-06-26T09:17:18","date_gmt":"2018-06-26T09:17:18","guid":{"rendered":"http:\/\/www1.hensler.ch\/?page_id=17"},"modified":"2022-04-04T09:43:31","modified_gmt":"2022-04-04T09:43:31","slug":"unternehmen","status":"publish","type":"page","link":"https:\/\/www.hensler.ch\/index.php\/unternehmen\/","title":{"rendered":"Unternehmen"},"content":{"rendered":"[et_pb_section bb_built=&#8221;1&#8243;][et_pb_row][et_pb_column type=&#8221;4_4&#8243;][et_pb_text _builder_version=&#8221;3.17.2&#8243; text_text_color=&#8221;#ffffff&#8221;]\n<h1 style=\"text-align: center;\"><span style=\"color: #ffffff;\">Hensler Heizungen AG<\/span><\/h1>\n<p>&nbsp;<\/p>\n[\/et_pb_text][et_pb_divider _builder_version=&#8221;3.17.2&#8243; background_color=&#8221;#ffffff&#8221; height=&#8221;2px&#8221; \/][et_pb_text _builder_version=&#8221;3.17.2&#8243;]\n<h4 style=\"text-align: center;\"><span style=\"color: #ffffff;\">Unser Unternehmen hat sich voll und ganz auf die Installation von Heizungs- und K\u00e4lteanlagen in Wohn-, Industrie- und Gewerbebauten spezialisiert. Ebenso auf dem Gebiet der w\u00e4rmetechnischen Geb\u00e4udesanierung d\u00fcrfen wir auf eine jahrzehntelange Erfahrung zur\u00fcck blicken. Dabei stehen wir Ihnen gerne auch beratend zur Seite. Dank unserem ausgewiesenen Fachpersonal (s\u00e4mtliche Mitarbeiter sind im Besitz des Fachausweises \u201eHeizungsmonteur\u201c) ist es uns m\u00f6glich, Ihnen eine prompte und termingerechte Ausf\u00fchrung s\u00e4mtlicher Arbeiten zu garantieren<\/span><\/h4>\n[\/et_pb_text][et_pb_divider _builder_version=&#8221;3.17.2&#8243; background_color=&#8221;#ffffff&#8221; height=&#8221;2px&#8221; \/][et_pb_text _builder_version=&#8221;3.17.2&#8243; text_text_color=&#8221;#ffffff&#8221;]\n<ul>\n<li>\n<h4><span style=\"color: #ffffff;\">1967 Gr\u00fcndung der \u201eHensler Heizungen\u201c durch Friedrich Hensler Firmendomizil Unterbr\u00fcglenweg, 6340 Baar<\/span><\/h4>\n<\/li>\n<li>\n<h4><span style=\"color: #ffffff;\">1973 Erwerb von Gesch\u00e4ftsr\u00e4umlichkeiten und somit Umzug an die Oberneuhofstrasse 7, 6340 Baar<\/span><\/h4>\n<\/li>\n<li>\n<h4><span style=\"color: #ffffff;\">1999 Erwerb von Gesch\u00e4ftsr\u00e4umlichkeiten und somit Umzug an den J\u00f6chlerweg 4, 6340 Baar<\/span><\/h4>\n<\/li>\n<li>\n<h4><span style=\"color: #ffffff;\">2002 Umwandlung in eine Aktiengesellschaft, sowie \u00dcbergabe der Gesch\u00e4ftsleitung an Bruno Hensler<\/span><\/h4>\n<\/li>\n<\/ul>\n[\/et_pb_text][et_pb_image _builder_version=&#8221;3.17.2&#8243; src=&#8221;https:\/\/www.hensler.ch\/wp-content\/uploads\/2020\/11\/Organigramm.png&#8221; align=&#8221;center&#8221; force_fullwidth=&#8221;on&#8221; \/][\/et_pb_column][\/et_pb_row][\/et_pb_section]\n","protected":false},"excerpt":{"rendered":"<p>Hensler Heizungen AG &nbsp; Unser Unternehmen hat&#8230;<\/p>\n","protected":false},"author":1,"featured_media":0,"parent":0,"menu_order":0,"comment_status":"closed","ping_status":"closed","template":"page-full-width.php","meta":{"_et_pb_use_builder":"on","_et_pb_old_content":"","_et_gb_content_width":"","footnotes":""},"class_list":["post-17","page","type-page","status-publish","hentry"],"_links":{"self":[{"href":"https:\/\/www.hensler.ch\/index.php\/wp-json\/wp\/v2\/pages\/17","targetHints":{"allow":["GET"]}}],"collection":[{"href":"https:\/\/www.hensler.ch\/index.php\/wp-json\/wp\/v2\/pages"}],"about":[{"href":"https:\/\/www.hensler.ch\/index.php\/wp-json\/wp\/v2\/types\/page"}],"author":[{"embeddable":true,"href":"https:\/\/www.hensler.ch\/index.php\/wp-json\/wp\/v2\/users\/1"}],"replies":[{"embeddable":true,"href":"https:\/\/www.hensler.ch\/index.php\/wp-json\/wp\/v2\/comments?post=17"}],"version-history":[{"count":60,"href":"https:\/\/www.hensler.ch\/index.php\/wp-json\/wp\/v2\/pages\/17\/revisions"}],"predecessor-version":[{"id":371,"href":"https:\/\/www.hensler.ch\/index.php\/wp-json\/wp\/v2\/pages\/17\/revisions\/371"}],"wp:attachment":[{"href":"https:\/\/www.hensler.ch\/index.php\/wp-json\/wp\/v2\/media?parent=17"}],"curies":[{"name":"wp","href":"https:\/\/api.w.org\/{rel}","templated":true}]}}